{"id":3,"date":"2025-11-18T17:57:37","date_gmt":"2025-11-18T16:57:37","guid":{"rendered":"http:\/\/www.aubergedemulcey.com\/?page_id=3"},"modified":"2025-12-05T13:59:10","modified_gmt":"2025-12-05T12:59:10","slug":"politique-de-confidentialite","status":"publish","type":"page","link":"https:\/\/www.aubergedemulcey.com\/?page_id=3","title":{"rendered":"Politique de confidentialit\u00e9"},"content":{"rendered":"\n<h2 class=\"wp-block-heading\">Qui sommes-nous&nbsp;?<\/h2>\n\n\n\n<p>L\u2019adresse de notre site est&nbsp;: https:\/\/www.aubergedemulcey.com.<\/p>\n\n\n\n<p>Notre adresse : Auberge de Mulcey<br>12 route de Nancy<br>57260 MULCEY<\/p>\n\n\n\n<h2 class=\"wp-block-heading\">Mentions L\u00e9gales<\/h2>\n\n\n\n<p>Entreprise :<\/p>\n\n\n\n<p>BREHAT B\u00e9ranger EI<br>Auberge de Mulcey<br>12 route de Nancy<br>57260 MULCEY<br>T\u00e9l : 03.87.86.89.60 &#8211; 06.87.86.63.56<br>Mail : b_brehat [arobace] orange.fr<\/p>\n\n\n\n<p>Siret : 794 391 318 00019 &#8211; NAF : 5610A<br>TVA : FR75794391318<\/p>\n\n\n\n<p>H\u00e9bergement et Webmaster :<\/p>\n\n\n\n<p>TechniK&rsquo;Computer<br>23 avenue Foch<br>57260 DIEUZE<br>Tel : 0387014886 &#8211; Email : info [arobace] t-kc.fr<br>Site : www.t-kc.fr<br>Lieu d\u2019h\u00e9bergement : OVH centre de donn\u00e9es de Strasbourg3<br><\/p>\n\n\n\n<h2 class=\"wp-block-heading\">Cookies<\/h2>\n\n\n\n<p>Si vous vous rendez sur la page de connexion, un cookie temporaire sera cr\u00e9\u00e9 afin de d\u00e9terminer si votre navigateur accepte les cookies. Il ne contient pas de donn\u00e9es personnelles et sera supprim\u00e9 automatiquement \u00e0 la fermeture de votre navigateur.<\/p>\n\n\n\n<p>En modifiant ou en publiant une publication, un cookie suppl\u00e9mentaire sera enregistr\u00e9 dans votre navigateur. Ce cookie ne comprend aucune donn\u00e9e personnelle. Il indique simplement l\u2019ID de la publication que vous venez de modifier. Il expire au bout d\u2019un jour.<\/p>\n\n\n\n<h2 class=\"wp-block-heading\">Contenu embarqu\u00e9 depuis d\u2019autres sites<\/h2>\n\n\n\n<p>Les articles de ce site peuvent inclure des contenus int\u00e9gr\u00e9s (par exemple des vid\u00e9os, images, articles\u2026). Le contenu int\u00e9gr\u00e9 depuis d\u2019autres sites se comporte de la m\u00eame mani\u00e8re que si le visiteur se rendait sur cet autre site.<\/p>\n\n\n\n<p>Ces sites web pourraient collecter des donn\u00e9es sur vous, utiliser des cookies, embarquer des outils de suivis tiers, suivre vos interactions avec ces contenus embarqu\u00e9s si vous disposez d\u2019un compte connect\u00e9 sur leur site web.<\/p>\n\n\n\n<h2 class=\"wp-block-heading\">CGV<\/h2>\n\n\n\n<p>Nos CGV sont disponible en restaurant. Elles ne sont pas publi\u00e9es sur internet, il n&rsquo;y a pas de vente en ligne.<\/p>\n","protected":false},"excerpt":{"rendered":"<p>Qui sommes-nous&nbsp;? L\u2019adresse de notre site est&nbsp;: https:\/\/www.aubergedemulcey.com. Notre adresse : Auberge de Mulcey12 route de Nancy57260 MULCEY Mentions L\u00e9gales Entreprise : BREHAT B\u00e9ranger EIAuberge de Mulcey12 route de Nancy57260 MULCEYT\u00e9l : 03.87.86.89.60 &#8211; 06.87.86.63.56Mail : b_brehat [arobace] orange.fr Siret : 794 391 318 00019 &#8211; NAF : 5610ATVA : FR75794391318 H\u00e9bergement et Webmaster : [&hellip;]<\/p>\n","protected":false},"author":1,"featured_media":0,"parent":0,"menu_order":0,"comment_status":"closed","ping_status":"open","template":"","meta":{"footnotes":""},"class_list":["post-3","page","type-page","status-publish","hentry"],"_links":{"self":[{"href":"https:\/\/www.aubergedemulcey.com\/index.php?rest_route=\/wp\/v2\/pages\/3","targetHints":{"allow":["GET"]}}],"collection":[{"href":"https:\/\/www.aubergedemulcey.com\/index.php?rest_route=\/wp\/v2\/pages"}],"about":[{"href":"https:\/\/www.aubergedemulcey.com\/index.php?rest_route=\/wp\/v2\/types\/page"}],"author":[{"embeddable":true,"href":"https:\/\/www.aubergedemulcey.com\/index.php?rest_route=\/wp\/v2\/users\/1"}],"replies":[{"embeddable":true,"href":"https:\/\/www.aubergedemulcey.com\/index.php?rest_route=%2Fwp%2Fv2%2Fcomments&post=3"}],"version-history":[{"count":3,"href":"https:\/\/www.aubergedemulcey.com\/index.php?rest_route=\/wp\/v2\/pages\/3\/revisions"}],"predecessor-version":[{"id":126,"href":"https:\/\/www.aubergedemulcey.com\/index.php?rest_route=\/wp\/v2\/pages\/3\/revisions\/126"}],"wp:attachment":[{"href":"https:\/\/www.aubergedemulcey.com\/index.php?rest_route=%2Fwp%2Fv2%2Fmedia&parent=3"}],"curies":[{"name":"wp","href":"https:\/\/api.w.org\/{rel}","templated":true}]}}